{"id":7220,"date":"2025-03-05T21:03:29","date_gmt":"2025-03-05T20:03:29","guid":{"rendered":"https:\/\/femmesaverties.com\/?post_type=product&#038;p=7220"},"modified":"2025-03-05T21:03:34","modified_gmt":"2025-03-05T20:03:34","slug":"nos-moments-our-moments-cartes-pour-couples","status":"publish","type":"product","link":"https:\/\/femmesaverties.com\/index.php\/product\/nos-moments-our-moments-cartes-pour-couples\/","title":{"rendered":"Nos moments, Our moments, cartes pour couples"},"content":{"rendered":"<p>Ces cartes romantiques sont sp\u00e9cialement con\u00e7ues pour les couples qui souhaitent c\u00e9l\u00e9brer leur amour \u00e0 travers des moments partag\u00e9s. Que ce soit pour un mariage, un anniversaire ou simplement pour dire &lsquo;je t&rsquo;aime&rsquo;, ces cartes illustr\u00e9es capturent l&rsquo;essence de votre relation. Chaque carte offre des espaces pour \u00e9crire des messages personnels, permettant \u00e0 chaque moment d&rsquo;\u00eatre grav\u00e9 dans les m\u00e9moires. Offrez un cadeau qui parle du c\u0153ur avec nos cartes d&rsquo;amour. Qu&rsquo;est ce qui m&rsquo;a pouss\u00e9 \u00e0 vendre et produire des cartes,<a href=\"https:\/\/femmesaverties.com\/index.php\/2025\/03\/05\/mon-histoire-avec-les-cartes-pour-couples\/\" target=\"_blank\" rel=\"noopener\"> lis l&rsquo;histoire ici.<\/a><\/p>\n","protected":false},"excerpt":{"rendered":"<p>Ces cartes romantiques sont sp\u00e9cialement con\u00e7ues pour les couples qui souhaitent c\u00e9l\u00e9brer leur amour \u00e0 travers des moments partag\u00e9s. Que ce soit pour un mariage, un anniversaire ou simplement pour dire &lsquo;je t&rsquo;aime&rsquo;, ces cartes illustr\u00e9es capturent l&rsquo;essence de votre relation. Chaque carte offre des espaces pour \u00e9crire des messages personnels, permettant \u00e0 chaque moment [&hellip;]<\/p>\n","protected":false},"featured_media":7221,"comment_status":"open","ping_status":"closed","template":"","meta":{"_et_pb_use_builder":"","_et_pb_old_content":"","_et_gb_content_width":"","om_disable_all_campaigns":false,"_monsterinsights_skip_tracking":false,"_monsterinsights_sitenote_active":false,"_monsterinsights_sitenote_note":"","_monsterinsights_sitenote_category":0},"product_brand":[],"product_cat":[152],"product_tag":[197,193,196,194,195],"class_list":{"0":"post-7220","1":"product","2":"type-product","3":"status-publish","4":"has-post-thumbnail","6":"product_cat-boutique","7":"product_tag-amour","8":"product_tag-cartes","9":"product_tag-communication","10":"product_tag-couple","11":"product_tag-intimite","13":"first","14":"instock","15":"shipping-taxable","16":"purchasable","17":"product-type-simple"},"aioseo_notices":[],"yoast_head":"<!-- This site is optimized with the Yoast SEO plugin v27.3 - https:\/\/yoast.com\/product\/yoast-seo-wordpress\/ -->\n<title>Nos moments, Our moments, cartes pour couples - FEMMES AVERTIES<\/title>\n<meta name=\"description\" content=\"Ces cartes uniques sont sp\u00e9cialement con\u00e7ues pour capturer les moments pr\u00e9cieux entre couples. Fabriqu\u00e9es avec soin, elles pr\u00e9sentent des designs raffin\u00e9s et des messages touchants, parfaits pour immortaliser les sentiments d&#039;amour et de complicit\u00e9.\" \/>\n<meta name=\"robots\" content=\"index, follow, max-snippet:-1, max-image-preview:large, max-video-preview:-1\" \/>\n<link rel=\"canonical\" href=\"https:\/\/femmesaverties.com\/index.php\/product\/nos-moments-our-moments-cartes-pour-couples\/\" \/>\n<meta property=\"og:locale\" content=\"fr_FR\" \/>\n<meta property=\"og:type\" content=\"article\" \/>\n<meta property=\"og:title\" content=\"Nos moments, Our moments, cartes pour couples - FEMMES AVERTIES\" \/>\n<meta property=\"og:description\" content=\"Ces cartes uniques sont sp\u00e9cialement con\u00e7ues pour capturer les moments pr\u00e9cieux entre couples. Fabriqu\u00e9es avec soin, elles pr\u00e9sentent des designs raffin\u00e9s et des messages touchants, parfaits pour immortaliser les sentiments d&#039;amour et de complicit\u00e9.\" \/>\n<meta property=\"og:url\" content=\"https:\/\/femmesaverties.com\/index.php\/product\/nos-moments-our-moments-cartes-pour-couples\/\" \/>\n<meta property=\"og:site_name\" content=\"FEMMES AVERTIES\" \/>\n<meta property=\"article:modified_time\" content=\"2025-03-05T20:03:34+00:00\" \/>\n<meta property=\"og:image\" content=\"https:\/\/femmesaverties.com\/wp-content\/uploads\/2025\/03\/1740954589031-1877659485.jpg\" \/>\n\t<meta property=\"og:image:width\" content=\"750\" \/>\n\t<meta property=\"og:image:height\" content=\"750\" \/>\n\t<meta property=\"og:image:type\" content=\"image\/jpeg\" \/>\n<meta name=\"twitter:card\" content=\"summary_large_image\" \/>\n<meta name=\"twitter:label1\" content=\"Dur\u00e9e de lecture estim\u00e9e\" \/>\n\t<meta name=\"twitter:data1\" content=\"1 minute\" \/>\n<script type=\"application\/ld+json\" class=\"yoast-schema-graph\">{\"@context\":\"https:\\\/\\\/schema.org\",\"@graph\":[{\"@type\":\"WebPage\",\"@id\":\"https:\\\/\\\/femmesaverties.com\\\/index.php\\\/product\\\/nos-moments-our-moments-cartes-pour-couples\\\/\",\"url\":\"https:\\\/\\\/femmesaverties.com\\\/index.php\\\/product\\\/nos-moments-our-moments-cartes-pour-couples\\\/\",\"name\":\"Nos moments, Our moments, cartes pour couples - FEMMES AVERTIES\",\"isPartOf\":{\"@id\":\"https:\\\/\\\/femmesaverties.com\\\/#website\"},\"primaryImageOfPage\":{\"@id\":\"https:\\\/\\\/femmesaverties.com\\\/index.php\\\/product\\\/nos-moments-our-moments-cartes-pour-couples\\\/#primaryimage\"},\"image\":{\"@id\":\"https:\\\/\\\/femmesaverties.com\\\/index.php\\\/product\\\/nos-moments-our-moments-cartes-pour-couples\\\/#primaryimage\"},\"thumbnailUrl\":\"https:\\\/\\\/femmesaverties.com\\\/wp-content\\\/uploads\\\/2025\\\/03\\\/1740954589031-1877659485.jpg\",\"datePublished\":\"2025-03-05T20:03:29+00:00\",\"dateModified\":\"2025-03-05T20:03:34+00:00\",\"description\":\"Ces cartes uniques sont sp\u00e9cialement con\u00e7ues pour capturer les moments pr\u00e9cieux entre couples. Fabriqu\u00e9es avec soin, elles pr\u00e9sentent des designs raffin\u00e9s et des messages touchants, parfaits pour immortaliser les sentiments d'amour et de complicit\u00e9.\",\"breadcrumb\":{\"@id\":\"https:\\\/\\\/femmesaverties.com\\\/index.php\\\/product\\\/nos-moments-our-moments-cartes-pour-couples\\\/#breadcrumb\"},\"inLanguage\":\"fr-FR\",\"potentialAction\":[{\"@type\":\"ReadAction\",\"target\":[\"https:\\\/\\\/femmesaverties.com\\\/index.php\\\/product\\\/nos-moments-our-moments-cartes-pour-couples\\\/\"]}]},{\"@type\":\"ImageObject\",\"inLanguage\":\"fr-FR\",\"@id\":\"https:\\\/\\\/femmesaverties.com\\\/index.php\\\/product\\\/nos-moments-our-moments-cartes-pour-couples\\\/#primaryimage\",\"url\":\"https:\\\/\\\/femmesaverties.com\\\/wp-content\\\/uploads\\\/2025\\\/03\\\/1740954589031-1877659485.jpg\",\"contentUrl\":\"https:\\\/\\\/femmesaverties.com\\\/wp-content\\\/uploads\\\/2025\\\/03\\\/1740954589031-1877659485.jpg\",\"width\":750,\"height\":750},{\"@type\":\"BreadcrumbList\",\"@id\":\"https:\\\/\\\/femmesaverties.com\\\/index.php\\\/product\\\/nos-moments-our-moments-cartes-pour-couples\\\/#breadcrumb\",\"itemListElement\":[{\"@type\":\"ListItem\",\"position\":1,\"name\":\"Home\",\"item\":\"https:\\\/\\\/femmesaverties.com\\\/\"},{\"@type\":\"ListItem\",\"position\":2,\"name\":\"Shop\",\"item\":\"https:\\\/\\\/femmesaverties.com\\\/index.php\\\/shop\\\/\"},{\"@type\":\"ListItem\",\"position\":3,\"name\":\"Nos moments, Our moments, cartes pour couples\"}]},{\"@type\":\"WebSite\",\"@id\":\"https:\\\/\\\/femmesaverties.com\\\/#website\",\"url\":\"https:\\\/\\\/femmesaverties.com\\\/\",\"name\":\"FEMMES AVERTIES\",\"description\":\"Aller plus loin, C&#039;est toujours possible\",\"publisher\":{\"@id\":\"https:\\\/\\\/femmesaverties.com\\\/#organization\"},\"potentialAction\":[{\"@type\":\"SearchAction\",\"target\":{\"@type\":\"EntryPoint\",\"urlTemplate\":\"https:\\\/\\\/femmesaverties.com\\\/?s={search_term_string}\"},\"query-input\":{\"@type\":\"PropertyValueSpecification\",\"valueRequired\":true,\"valueName\":\"search_term_string\"}}],\"inLanguage\":\"fr-FR\"},{\"@type\":\"Organization\",\"@id\":\"https:\\\/\\\/femmesaverties.com\\\/#organization\",\"name\":\"FEMMES AVERTIES\",\"url\":\"https:\\\/\\\/femmesaverties.com\\\/\",\"logo\":{\"@type\":\"ImageObject\",\"inLanguage\":\"fr-FR\",\"@id\":\"https:\\\/\\\/femmesaverties.com\\\/#\\\/schema\\\/logo\\\/image\\\/\",\"url\":\"https:\\\/\\\/femmesaverties.com\\\/wp-content\\\/uploads\\\/2023\\\/10\\\/cropped-F.png\",\"contentUrl\":\"https:\\\/\\\/femmesaverties.com\\\/wp-content\\\/uploads\\\/2023\\\/10\\\/cropped-F.png\",\"width\":250,\"height\":217,\"caption\":\"FEMMES AVERTIES\"},\"image\":{\"@id\":\"https:\\\/\\\/femmesaverties.com\\\/#\\\/schema\\\/logo\\\/image\\\/\"}}]}<\/script>\n<!-- \/ Yoast SEO plugin. -->","yoast_head_json":{"title":"Nos moments, Our moments, cartes pour couples - FEMMES AVERTIES","description":"Ces cartes uniques sont sp\u00e9cialement con\u00e7ues pour capturer les moments pr\u00e9cieux entre couples. Fabriqu\u00e9es avec soin, elles pr\u00e9sentent des designs raffin\u00e9s et des messages touchants, parfaits pour immortaliser les sentiments d'amour et de complicit\u00e9.","robots":{"index":"index","follow":"follow","max-snippet":"max-snippet:-1","max-image-preview":"max-image-preview:large","max-video-preview":"max-video-preview:-1"},"canonical":"https:\/\/femmesaverties.com\/index.php\/product\/nos-moments-our-moments-cartes-pour-couples\/","og_locale":"fr_FR","og_type":"article","og_title":"Nos moments, Our moments, cartes pour couples - FEMMES AVERTIES","og_description":"Ces cartes uniques sont sp\u00e9cialement con\u00e7ues pour capturer les moments pr\u00e9cieux entre couples. Fabriqu\u00e9es avec soin, elles pr\u00e9sentent des designs raffin\u00e9s et des messages touchants, parfaits pour immortaliser les sentiments d'amour et de complicit\u00e9.","og_url":"https:\/\/femmesaverties.com\/index.php\/product\/nos-moments-our-moments-cartes-pour-couples\/","og_site_name":"FEMMES AVERTIES","article_modified_time":"2025-03-05T20:03:34+00:00","og_image":[{"width":750,"height":750,"url":"https:\/\/femmesaverties.com\/wp-content\/uploads\/2025\/03\/1740954589031-1877659485.jpg","type":"image\/jpeg"}],"twitter_card":"summary_large_image","twitter_misc":{"Dur\u00e9e de lecture estim\u00e9e":"1 minute"},"schema":{"@context":"https:\/\/schema.org","@graph":[{"@type":"WebPage","@id":"https:\/\/femmesaverties.com\/index.php\/product\/nos-moments-our-moments-cartes-pour-couples\/","url":"https:\/\/femmesaverties.com\/index.php\/product\/nos-moments-our-moments-cartes-pour-couples\/","name":"Nos moments, Our moments, cartes pour couples - FEMMES AVERTIES","isPartOf":{"@id":"https:\/\/femmesaverties.com\/#website"},"primaryImageOfPage":{"@id":"https:\/\/femmesaverties.com\/index.php\/product\/nos-moments-our-moments-cartes-pour-couples\/#primaryimage"},"image":{"@id":"https:\/\/femmesaverties.com\/index.php\/product\/nos-moments-our-moments-cartes-pour-couples\/#primaryimage"},"thumbnailUrl":"https:\/\/femmesaverties.com\/wp-content\/uploads\/2025\/03\/1740954589031-1877659485.jpg","datePublished":"2025-03-05T20:03:29+00:00","dateModified":"2025-03-05T20:03:34+00:00","description":"Ces cartes uniques sont sp\u00e9cialement con\u00e7ues pour capturer les moments pr\u00e9cieux entre couples. Fabriqu\u00e9es avec soin, elles pr\u00e9sentent des designs raffin\u00e9s et des messages touchants, parfaits pour immortaliser les sentiments d'amour et de complicit\u00e9.","breadcrumb":{"@id":"https:\/\/femmesaverties.com\/index.php\/product\/nos-moments-our-moments-cartes-pour-couples\/#breadcrumb"},"inLanguage":"fr-FR","potentialAction":[{"@type":"ReadAction","target":["https:\/\/femmesaverties.com\/index.php\/product\/nos-moments-our-moments-cartes-pour-couples\/"]}]},{"@type":"ImageObject","inLanguage":"fr-FR","@id":"https:\/\/femmesaverties.com\/index.php\/product\/nos-moments-our-moments-cartes-pour-couples\/#primaryimage","url":"https:\/\/femmesaverties.com\/wp-content\/uploads\/2025\/03\/1740954589031-1877659485.jpg","contentUrl":"https:\/\/femmesaverties.com\/wp-content\/uploads\/2025\/03\/1740954589031-1877659485.jpg","width":750,"height":750},{"@type":"BreadcrumbList","@id":"https:\/\/femmesaverties.com\/index.php\/product\/nos-moments-our-moments-cartes-pour-couples\/#breadcrumb","itemListElement":[{"@type":"ListItem","position":1,"name":"Home","item":"https:\/\/femmesaverties.com\/"},{"@type":"ListItem","position":2,"name":"Shop","item":"https:\/\/femmesaverties.com\/index.php\/shop\/"},{"@type":"ListItem","position":3,"name":"Nos moments, Our moments, cartes pour couples"}]},{"@type":"WebSite","@id":"https:\/\/femmesaverties.com\/#website","url":"https:\/\/femmesaverties.com\/","name":"FEMMES AVERTIES","description":"Aller plus loin, C&#039;est toujours possible","publisher":{"@id":"https:\/\/femmesaverties.com\/#organization"},"potentialAction":[{"@type":"SearchAction","target":{"@type":"EntryPoint","urlTemplate":"https:\/\/femmesaverties.com\/?s={search_term_string}"},"query-input":{"@type":"PropertyValueSpecification","valueRequired":true,"valueName":"search_term_string"}}],"inLanguage":"fr-FR"},{"@type":"Organization","@id":"https:\/\/femmesaverties.com\/#organization","name":"FEMMES AVERTIES","url":"https:\/\/femmesaverties.com\/","logo":{"@type":"ImageObject","inLanguage":"fr-FR","@id":"https:\/\/femmesaverties.com\/#\/schema\/logo\/image\/","url":"https:\/\/femmesaverties.com\/wp-content\/uploads\/2023\/10\/cropped-F.png","contentUrl":"https:\/\/femmesaverties.com\/wp-content\/uploads\/2023\/10\/cropped-F.png","width":250,"height":217,"caption":"FEMMES AVERTIES"},"image":{"@id":"https:\/\/femmesaverties.com\/#\/schema\/logo\/image\/"}}]}},"_links":{"self":[{"href":"https:\/\/femmesaverties.com\/index.php\/wp-json\/wp\/v2\/product\/7220","targetHints":{"allow":["GET"]}}],"collection":[{"href":"https:\/\/femmesaverties.com\/index.php\/wp-json\/wp\/v2\/product"}],"about":[{"href":"https:\/\/femmesaverties.com\/index.php\/wp-json\/wp\/v2\/types\/product"}],"replies":[{"embeddable":true,"href":"https:\/\/femmesaverties.com\/index.php\/wp-json\/wp\/v2\/comments?post=7220"}],"wp:featuredmedia":[{"embeddable":true,"href":"https:\/\/femmesaverties.com\/index.php\/wp-json\/wp\/v2\/media\/7221"}],"wp:attachment":[{"href":"https:\/\/femmesaverties.com\/index.php\/wp-json\/wp\/v2\/media?parent=7220"}],"wp:term":[{"taxonomy":"product_brand","embeddable":true,"href":"https:\/\/femmesaverties.com\/index.php\/wp-json\/wp\/v2\/product_brand?post=7220"},{"taxonomy":"product_cat","embeddable":true,"href":"https:\/\/femmesaverties.com\/index.php\/wp-json\/wp\/v2\/product_cat?post=7220"},{"taxonomy":"product_tag","embeddable":true,"href":"https:\/\/femmesaverties.com\/index.php\/wp-json\/wp\/v2\/product_tag?post=7220"}],"curies":[{"name":"wp","href":"https:\/\/api.w.org\/{rel}","templated":true}]}}