{"id":7045,"date":"2024-03-31T19:41:47","date_gmt":"2024-03-31T19:41:47","guid":{"rendered":"https:\/\/femmesaverties.com\/?post_type=product&#038;p=7045"},"modified":"2025-01-17T10:20:14","modified_gmt":"2025-01-17T09:20:14","slug":"les-affirmations-positives-pour-enfant-et-adolescent","status":"publish","type":"product","link":"https:\/\/femmesaverties.com\/index.php\/product\/les-affirmations-positives-pour-enfant-et-adolescent\/","title":{"rendered":"Les Affirmations Positives pour enfant  et adolescent"},"content":{"rendered":"<p>Les affirmations positives, celles-ci jouent un r\u00f4le important dans la vie d&rsquo;un enfant \u00e0 plusieurs niveaux. Ci-dessous six \u00e9l\u00e9ments qui sont li\u00e9s \u00e0 la pratique quotidienne des affirmations positives.<\/p>\n<p>1- Renforcer l&rsquo;estime de soi<br \/>\n2- Encourager, motiver, pers\u00e9v\u00e9rer<br \/>\n3- Favoriser une attitude positive<\/p>\n","protected":false},"excerpt":{"rendered":"<p>Les affirmations positives, celles-ci jouent un r\u00f4le important dans la vie d&rsquo;un enfant \u00e0 plusieurs niveaux. Ci-dessous six \u00e9l\u00e9ments qui sont li\u00e9s \u00e0 la pratique quotidienne des affirmations positives. 1- Renforcer l&rsquo;estime de soi 2- Encourager, motiver, pers\u00e9v\u00e9rer 3- Favoriser une attitude positive<\/p>\n","protected":false},"featured_media":7191,"comment_status":"open","ping_status":"closed","template":"","meta":{"_et_pb_use_builder":"","_et_pb_old_content":"","_et_gb_content_width":"","om_disable_all_campaigns":false,"_monsterinsights_skip_tracking":false,"_monsterinsights_sitenote_active":false,"_monsterinsights_sitenote_note":"","_monsterinsights_sitenote_category":0},"product_brand":[],"product_cat":[152],"product_tag":[],"class_list":{"0":"post-7045","1":"product","2":"type-product","3":"status-publish","4":"has-post-thumbnail","6":"product_cat-boutique","8":"first","9":"instock","10":"downloadable","11":"virtual","12":"purchasable","13":"product-type-simple"},"aioseo_notices":[],"yoast_head":"<!-- This site is optimized with the Yoast SEO plugin v27.3 - https:\/\/yoast.com\/product\/yoast-seo-wordpress\/ -->\n<title>Les Affirmations Positives pour enfant et adolescent - FEMMES AVERTIES<\/title>\n<meta name=\"description\" content=\"les affirmations positives renforcent la confiance et l&#039;estime de soi de l&#039;enfant. En leur rappelant leurs qualit\u00e9s et leurs forces, les enfants d\u00e9veloppent une image positive d&#039;eux-m\u00eames. Personnellement je l&#039;ai apprise dans mes multiples lectures. Et aujourd&#039;hui j&#039;essaye au maximum de le partager avec mes petits \u00eatres.\" \/>\n<meta name=\"robots\" content=\"index, follow, max-snippet:-1, max-image-preview:large, max-video-preview:-1\" \/>\n<link rel=\"canonical\" href=\"https:\/\/femmesaverties.com\/index.php\/product\/les-affirmations-positives-pour-enfant-et-adolescent\/\" \/>\n<meta property=\"og:locale\" content=\"fr_FR\" \/>\n<meta property=\"og:type\" content=\"article\" \/>\n<meta property=\"og:title\" content=\"Les Affirmations Positives pour enfant et adolescent - FEMMES AVERTIES\" \/>\n<meta property=\"og:description\" content=\"les affirmations positives renforcent la confiance et l&#039;estime de soi de l&#039;enfant. En leur rappelant leurs qualit\u00e9s et leurs forces, les enfants d\u00e9veloppent une image positive d&#039;eux-m\u00eames. Personnellement je l&#039;ai apprise dans mes multiples lectures. Et aujourd&#039;hui j&#039;essaye au maximum de le partager avec mes petits \u00eatres.\" \/>\n<meta property=\"og:url\" content=\"https:\/\/femmesaverties.com\/index.php\/product\/les-affirmations-positives-pour-enfant-et-adolescent\/\" \/>\n<meta property=\"og:site_name\" content=\"FEMMES AVERTIES\" \/>\n<meta property=\"article:modified_time\" content=\"2025-01-17T09:20:14+00:00\" \/>\n<meta property=\"og:image\" content=\"https:\/\/femmesaverties.com\/wp-content\/uploads\/2025\/01\/WhatsApp-Image-2025-01-17-at-09.52.04_d0e1b5cb.jpg\" \/>\n\t<meta property=\"og:image:width\" content=\"1056\" \/>\n\t<meta property=\"og:image:height\" content=\"1080\" \/>\n\t<meta property=\"og:image:type\" content=\"image\/jpeg\" \/>\n<meta name=\"twitter:card\" content=\"summary_large_image\" \/>\n<meta name=\"twitter:label1\" content=\"Dur\u00e9e de lecture estim\u00e9e\" \/>\n\t<meta name=\"twitter:data1\" content=\"1 minute\" \/>\n<script type=\"application\/ld+json\" class=\"yoast-schema-graph\">{\"@context\":\"https:\\\/\\\/schema.org\",\"@graph\":[{\"@type\":\"WebPage\",\"@id\":\"https:\\\/\\\/femmesaverties.com\\\/index.php\\\/product\\\/les-affirmations-positives-pour-enfant-et-adolescent\\\/\",\"url\":\"https:\\\/\\\/femmesaverties.com\\\/index.php\\\/product\\\/les-affirmations-positives-pour-enfant-et-adolescent\\\/\",\"name\":\"Les Affirmations Positives pour enfant et adolescent - FEMMES AVERTIES\",\"isPartOf\":{\"@id\":\"https:\\\/\\\/femmesaverties.com\\\/#website\"},\"primaryImageOfPage\":{\"@id\":\"https:\\\/\\\/femmesaverties.com\\\/index.php\\\/product\\\/les-affirmations-positives-pour-enfant-et-adolescent\\\/#primaryimage\"},\"image\":{\"@id\":\"https:\\\/\\\/femmesaverties.com\\\/index.php\\\/product\\\/les-affirmations-positives-pour-enfant-et-adolescent\\\/#primaryimage\"},\"thumbnailUrl\":\"https:\\\/\\\/femmesaverties.com\\\/wp-content\\\/uploads\\\/2025\\\/01\\\/WhatsApp-Image-2025-01-17-at-09.52.04_d0e1b5cb.jpg\",\"datePublished\":\"2024-03-31T19:41:47+00:00\",\"dateModified\":\"2025-01-17T09:20:14+00:00\",\"description\":\"les affirmations positives renforcent la confiance et l'estime de soi de l'enfant. En leur rappelant leurs qualit\u00e9s et leurs forces, les enfants d\u00e9veloppent une image positive d'eux-m\u00eames. Personnellement je l'ai apprise dans mes multiples lectures. Et aujourd'hui j'essaye au maximum de le partager avec mes petits \u00eatres.\",\"breadcrumb\":{\"@id\":\"https:\\\/\\\/femmesaverties.com\\\/index.php\\\/product\\\/les-affirmations-positives-pour-enfant-et-adolescent\\\/#breadcrumb\"},\"inLanguage\":\"fr-FR\",\"potentialAction\":[{\"@type\":\"ReadAction\",\"target\":[\"https:\\\/\\\/femmesaverties.com\\\/index.php\\\/product\\\/les-affirmations-positives-pour-enfant-et-adolescent\\\/\"]}]},{\"@type\":\"ImageObject\",\"inLanguage\":\"fr-FR\",\"@id\":\"https:\\\/\\\/femmesaverties.com\\\/index.php\\\/product\\\/les-affirmations-positives-pour-enfant-et-adolescent\\\/#primaryimage\",\"url\":\"https:\\\/\\\/femmesaverties.com\\\/wp-content\\\/uploads\\\/2025\\\/01\\\/WhatsApp-Image-2025-01-17-at-09.52.04_d0e1b5cb.jpg\",\"contentUrl\":\"https:\\\/\\\/femmesaverties.com\\\/wp-content\\\/uploads\\\/2025\\\/01\\\/WhatsApp-Image-2025-01-17-at-09.52.04_d0e1b5cb.jpg\",\"width\":1056,\"height\":1080,\"caption\":\"le guide pratique de la confiance et de l'estime de soi chez les enfants et les adolescents\"},{\"@type\":\"BreadcrumbList\",\"@id\":\"https:\\\/\\\/femmesaverties.com\\\/index.php\\\/product\\\/les-affirmations-positives-pour-enfant-et-adolescent\\\/#breadcrumb\",\"itemListElement\":[{\"@type\":\"ListItem\",\"position\":1,\"name\":\"Home\",\"item\":\"https:\\\/\\\/femmesaverties.com\\\/\"},{\"@type\":\"ListItem\",\"position\":2,\"name\":\"Shop\",\"item\":\"https:\\\/\\\/femmesaverties.com\\\/index.php\\\/shop\\\/\"},{\"@type\":\"ListItem\",\"position\":3,\"name\":\"Les Affirmations Positives pour enfant et adolescent\"}]},{\"@type\":\"WebSite\",\"@id\":\"https:\\\/\\\/femmesaverties.com\\\/#website\",\"url\":\"https:\\\/\\\/femmesaverties.com\\\/\",\"name\":\"FEMMES AVERTIES\",\"description\":\"Aller plus loin, C&#039;est toujours possible\",\"publisher\":{\"@id\":\"https:\\\/\\\/femmesaverties.com\\\/#organization\"},\"potentialAction\":[{\"@type\":\"SearchAction\",\"target\":{\"@type\":\"EntryPoint\",\"urlTemplate\":\"https:\\\/\\\/femmesaverties.com\\\/?s={search_term_string}\"},\"query-input\":{\"@type\":\"PropertyValueSpecification\",\"valueRequired\":true,\"valueName\":\"search_term_string\"}}],\"inLanguage\":\"fr-FR\"},{\"@type\":\"Organization\",\"@id\":\"https:\\\/\\\/femmesaverties.com\\\/#organization\",\"name\":\"FEMMES AVERTIES\",\"url\":\"https:\\\/\\\/femmesaverties.com\\\/\",\"logo\":{\"@type\":\"ImageObject\",\"inLanguage\":\"fr-FR\",\"@id\":\"https:\\\/\\\/femmesaverties.com\\\/#\\\/schema\\\/logo\\\/image\\\/\",\"url\":\"https:\\\/\\\/femmesaverties.com\\\/wp-content\\\/uploads\\\/2023\\\/10\\\/cropped-F.png\",\"contentUrl\":\"https:\\\/\\\/femmesaverties.com\\\/wp-content\\\/uploads\\\/2023\\\/10\\\/cropped-F.png\",\"width\":250,\"height\":217,\"caption\":\"FEMMES AVERTIES\"},\"image\":{\"@id\":\"https:\\\/\\\/femmesaverties.com\\\/#\\\/schema\\\/logo\\\/image\\\/\"}}]}<\/script>\n<!-- \/ Yoast SEO plugin. -->","yoast_head_json":{"title":"Les Affirmations Positives pour enfant et adolescent - FEMMES AVERTIES","description":"les affirmations positives renforcent la confiance et l'estime de soi de l'enfant. En leur rappelant leurs qualit\u00e9s et leurs forces, les enfants d\u00e9veloppent une image positive d'eux-m\u00eames. Personnellement je l'ai apprise dans mes multiples lectures. Et aujourd'hui j'essaye au maximum de le partager avec mes petits \u00eatres.","robots":{"index":"index","follow":"follow","max-snippet":"max-snippet:-1","max-image-preview":"max-image-preview:large","max-video-preview":"max-video-preview:-1"},"canonical":"https:\/\/femmesaverties.com\/index.php\/product\/les-affirmations-positives-pour-enfant-et-adolescent\/","og_locale":"fr_FR","og_type":"article","og_title":"Les Affirmations Positives pour enfant et adolescent - FEMMES AVERTIES","og_description":"les affirmations positives renforcent la confiance et l'estime de soi de l'enfant. En leur rappelant leurs qualit\u00e9s et leurs forces, les enfants d\u00e9veloppent une image positive d'eux-m\u00eames. Personnellement je l'ai apprise dans mes multiples lectures. Et aujourd'hui j'essaye au maximum de le partager avec mes petits \u00eatres.","og_url":"https:\/\/femmesaverties.com\/index.php\/product\/les-affirmations-positives-pour-enfant-et-adolescent\/","og_site_name":"FEMMES AVERTIES","article_modified_time":"2025-01-17T09:20:14+00:00","og_image":[{"width":1056,"height":1080,"url":"https:\/\/femmesaverties.com\/wp-content\/uploads\/2025\/01\/WhatsApp-Image-2025-01-17-at-09.52.04_d0e1b5cb.jpg","type":"image\/jpeg"}],"twitter_card":"summary_large_image","twitter_misc":{"Dur\u00e9e de lecture estim\u00e9e":"1 minute"},"schema":{"@context":"https:\/\/schema.org","@graph":[{"@type":"WebPage","@id":"https:\/\/femmesaverties.com\/index.php\/product\/les-affirmations-positives-pour-enfant-et-adolescent\/","url":"https:\/\/femmesaverties.com\/index.php\/product\/les-affirmations-positives-pour-enfant-et-adolescent\/","name":"Les Affirmations Positives pour enfant et adolescent - FEMMES AVERTIES","isPartOf":{"@id":"https:\/\/femmesaverties.com\/#website"},"primaryImageOfPage":{"@id":"https:\/\/femmesaverties.com\/index.php\/product\/les-affirmations-positives-pour-enfant-et-adolescent\/#primaryimage"},"image":{"@id":"https:\/\/femmesaverties.com\/index.php\/product\/les-affirmations-positives-pour-enfant-et-adolescent\/#primaryimage"},"thumbnailUrl":"https:\/\/femmesaverties.com\/wp-content\/uploads\/2025\/01\/WhatsApp-Image-2025-01-17-at-09.52.04_d0e1b5cb.jpg","datePublished":"2024-03-31T19:41:47+00:00","dateModified":"2025-01-17T09:20:14+00:00","description":"les affirmations positives renforcent la confiance et l'estime de soi de l'enfant. En leur rappelant leurs qualit\u00e9s et leurs forces, les enfants d\u00e9veloppent une image positive d'eux-m\u00eames. Personnellement je l'ai apprise dans mes multiples lectures. Et aujourd'hui j'essaye au maximum de le partager avec mes petits \u00eatres.","breadcrumb":{"@id":"https:\/\/femmesaverties.com\/index.php\/product\/les-affirmations-positives-pour-enfant-et-adolescent\/#breadcrumb"},"inLanguage":"fr-FR","potentialAction":[{"@type":"ReadAction","target":["https:\/\/femmesaverties.com\/index.php\/product\/les-affirmations-positives-pour-enfant-et-adolescent\/"]}]},{"@type":"ImageObject","inLanguage":"fr-FR","@id":"https:\/\/femmesaverties.com\/index.php\/product\/les-affirmations-positives-pour-enfant-et-adolescent\/#primaryimage","url":"https:\/\/femmesaverties.com\/wp-content\/uploads\/2025\/01\/WhatsApp-Image-2025-01-17-at-09.52.04_d0e1b5cb.jpg","contentUrl":"https:\/\/femmesaverties.com\/wp-content\/uploads\/2025\/01\/WhatsApp-Image-2025-01-17-at-09.52.04_d0e1b5cb.jpg","width":1056,"height":1080,"caption":"le guide pratique de la confiance et de l'estime de soi chez les enfants et les adolescents"},{"@type":"BreadcrumbList","@id":"https:\/\/femmesaverties.com\/index.php\/product\/les-affirmations-positives-pour-enfant-et-adolescent\/#breadcrumb","itemListElement":[{"@type":"ListItem","position":1,"name":"Home","item":"https:\/\/femmesaverties.com\/"},{"@type":"ListItem","position":2,"name":"Shop","item":"https:\/\/femmesaverties.com\/index.php\/shop\/"},{"@type":"ListItem","position":3,"name":"Les Affirmations Positives pour enfant et adolescent"}]},{"@type":"WebSite","@id":"https:\/\/femmesaverties.com\/#website","url":"https:\/\/femmesaverties.com\/","name":"FEMMES AVERTIES","description":"Aller plus loin, C&#039;est toujours possible","publisher":{"@id":"https:\/\/femmesaverties.com\/#organization"},"potentialAction":[{"@type":"SearchAction","target":{"@type":"EntryPoint","urlTemplate":"https:\/\/femmesaverties.com\/?s={search_term_string}"},"query-input":{"@type":"PropertyValueSpecification","valueRequired":true,"valueName":"search_term_string"}}],"inLanguage":"fr-FR"},{"@type":"Organization","@id":"https:\/\/femmesaverties.com\/#organization","name":"FEMMES AVERTIES","url":"https:\/\/femmesaverties.com\/","logo":{"@type":"ImageObject","inLanguage":"fr-FR","@id":"https:\/\/femmesaverties.com\/#\/schema\/logo\/image\/","url":"https:\/\/femmesaverties.com\/wp-content\/uploads\/2023\/10\/cropped-F.png","contentUrl":"https:\/\/femmesaverties.com\/wp-content\/uploads\/2023\/10\/cropped-F.png","width":250,"height":217,"caption":"FEMMES AVERTIES"},"image":{"@id":"https:\/\/femmesaverties.com\/#\/schema\/logo\/image\/"}}]}},"_links":{"self":[{"href":"https:\/\/femmesaverties.com\/index.php\/wp-json\/wp\/v2\/product\/7045","targetHints":{"allow":["GET"]}}],"collection":[{"href":"https:\/\/femmesaverties.com\/index.php\/wp-json\/wp\/v2\/product"}],"about":[{"href":"https:\/\/femmesaverties.com\/index.php\/wp-json\/wp\/v2\/types\/product"}],"replies":[{"embeddable":true,"href":"https:\/\/femmesaverties.com\/index.php\/wp-json\/wp\/v2\/comments?post=7045"}],"wp:featuredmedia":[{"embeddable":true,"href":"https:\/\/femmesaverties.com\/index.php\/wp-json\/wp\/v2\/media\/7191"}],"wp:attachment":[{"href":"https:\/\/femmesaverties.com\/index.php\/wp-json\/wp\/v2\/media?parent=7045"}],"wp:term":[{"taxonomy":"product_brand","embeddable":true,"href":"https:\/\/femmesaverties.com\/index.php\/wp-json\/wp\/v2\/product_brand?post=7045"},{"taxonomy":"product_cat","embeddable":true,"href":"https:\/\/femmesaverties.com\/index.php\/wp-json\/wp\/v2\/product_cat?post=7045"},{"taxonomy":"product_tag","embeddable":true,"href":"https:\/\/femmesaverties.com\/index.php\/wp-json\/wp\/v2\/product_tag?post=7045"}],"curies":[{"name":"wp","href":"https:\/\/api.w.org\/{rel}","templated":true}]}}