{"id":415,"date":"2018-11-22T07:25:08","date_gmt":"2018-11-22T07:25:08","guid":{"rendered":"http:\/\/www.magnenguessom.com\/?page_id=415"},"modified":"2018-11-26T10:20:16","modified_gmt":"2018-11-26T10:20:16","slug":"journal-de-bord","status":"publish","type":"page","link":"https:\/\/femmesaverties.com\/index.php\/journal-de-bord\/","title":{"rendered":"JOURNAL DE BORD"},"content":{"rendered":"<p>[et_pb_section bb_built=\u00a0\u00bb1&Prime;][et_pb_row][et_pb_column type=\u00a0\u00bb4_4&Prime;][et_pb_text _builder_version=\u00a0\u00bb3.3.1&Prime;]<\/p>\n<h3 style=\"text-align: center;\">BONJOUR ET BIENVENUE A BORD!<\/h3>\n<p>[\/et_pb_text][et_pb_image _builder_version=\u00a0\u00bb3.3.1&Prime; src=\u00a0\u00bbhttp:\/\/www.magnenguessom.com\/wp-content\/uploads\/2018\/11\/WeChat-Image_20181125192441.jpg\u00a0\u00bb align=\u00a0\u00bbcenter\u00a0\u00bb animation_style=\u00a0\u00bbflip\u00a0\u00bb animation_repeat=\u00a0\u00bbloop\u00a0\u00bb animation_duration=\u00a0\u00bb2000ms\u00a0\u00bb \/][\/et_pb_column][\/et_pb_row][et_pb_row][et_pb_column type=\u00a0\u00bb4_4&Prime;][et_pb_text _builder_version=\u00a0\u00bb3.3.1&Prime;]<\/p>\n<p><strong>MAIS POURQUOI UN JOURNAL DE BORD SUR MON BLOG?<\/strong><\/p>\n<p><em><strong>Dans ce journal de bord je partagerais avec vous uniquement ma passion pour l\u2019\u00e9criture. Sur ce journal, je laisserais tout simplement couler toutes mes pens\u00e9es et imagination. Vous avez donc en premier lieu une introduction sur ma premi\u00e8re chronique (la premi\u00e8re que je d\u00e9cide de partager avec vous).<\/strong><\/em><\/p>\n<p>&nbsp;<\/p>\n<p><em><strong>J\u2019esp\u00e8re que vous trouverez satisfaction dans mes \u00e9crits.<\/strong><\/em><\/p>\n<p style=\"text-align: right;\"><em><strong>A bientot!<\/strong><\/em><\/p>\n<p>&nbsp;<\/p>\n<p>[\/et_pb_text][\/et_pb_column][\/et_pb_row][\/et_pb_section]<\/p>\n","protected":false},"excerpt":{"rendered":"<p>BONJOUR ET BIENVENUE A BORD! MAIS POURQUOI UN JOURNAL&#8230;<\/p>\n","protected":false},"author":2,"featured_media":432,"parent":0,"menu_order":0,"comment_status":"closed","ping_status":"closed","template":"","meta":{"_et_pb_use_builder":"on","_et_pb_old_content":"","_et_gb_content_width":"","om_disable_all_campaigns":false,"_monsterinsights_skip_tracking":false,"_monsterinsights_sitenote_active":false,"_monsterinsights_sitenote_note":"","_monsterinsights_sitenote_category":0,"footnotes":""},"class_list":["post-415","page","type-page","status-publish","has-post-thumbnail"],"aioseo_notices":[],"yoast_head":"<!-- This site is optimized with the Yoast SEO plugin v27.3 - https:\/\/yoast.com\/product\/yoast-seo-wordpress\/ -->\n<title>JOURNAL DE BORD - FEMMES AVERTIES<\/title>\n<meta name=\"robots\" content=\"index, follow, max-snippet:-1, max-image-preview:large, max-video-preview:-1\" \/>\n<link rel=\"canonical\" href=\"https:\/\/femmesaverties.com\/index.php\/journal-de-bord\/\" \/>\n<meta property=\"og:locale\" content=\"fr_FR\" \/>\n<meta property=\"og:type\" content=\"article\" \/>\n<meta property=\"og:title\" content=\"JOURNAL DE BORD - FEMMES AVERTIES\" \/>\n<meta property=\"og:description\" content=\"BONJOUR ET BIENVENUE A BORD! MAIS POURQUOI UN JOURNAL...\" \/>\n<meta property=\"og:url\" content=\"https:\/\/femmesaverties.com\/index.php\/journal-de-bord\/\" \/>\n<meta property=\"og:site_name\" content=\"FEMMES AVERTIES\" \/>\n<meta property=\"article:modified_time\" content=\"2018-11-26T10:20:16+00:00\" \/>\n<meta property=\"og:image\" content=\"https:\/\/femmesaverties.com\/wp-content\/uploads\/2018\/11\/tableau-de-bord2.png\" \/>\n\t<meta property=\"og:image:width\" content=\"560\" \/>\n\t<meta property=\"og:image:height\" content=\"315\" \/>\n\t<meta property=\"og:image:type\" content=\"image\/png\" \/>\n<meta name=\"twitter:card\" content=\"summary_large_image\" \/>\n<meta name=\"twitter:label1\" content=\"Dur\u00e9e de lecture estim\u00e9e\" \/>\n\t<meta name=\"twitter:data1\" content=\"1 minute\" \/>\n<script type=\"application\/ld+json\" class=\"yoast-schema-graph\">{\"@context\":\"https:\\\/\\\/schema.org\",\"@graph\":[{\"@type\":\"WebPage\",\"@id\":\"https:\\\/\\\/femmesaverties.com\\\/index.php\\\/journal-de-bord\\\/\",\"url\":\"https:\\\/\\\/femmesaverties.com\\\/index.php\\\/journal-de-bord\\\/\",\"name\":\"JOURNAL DE BORD - FEMMES AVERTIES\",\"isPartOf\":{\"@id\":\"https:\\\/\\\/femmesaverties.com\\\/#website\"},\"primaryImageOfPage\":{\"@id\":\"https:\\\/\\\/femmesaverties.com\\\/index.php\\\/journal-de-bord\\\/#primaryimage\"},\"image\":{\"@id\":\"https:\\\/\\\/femmesaverties.com\\\/index.php\\\/journal-de-bord\\\/#primaryimage\"},\"thumbnailUrl\":\"https:\\\/\\\/femmesaverties.com\\\/wp-content\\\/uploads\\\/2018\\\/11\\\/tableau-de-bord2.png\",\"datePublished\":\"2018-11-22T07:25:08+00:00\",\"dateModified\":\"2018-11-26T10:20:16+00:00\",\"breadcrumb\":{\"@id\":\"https:\\\/\\\/femmesaverties.com\\\/index.php\\\/journal-de-bord\\\/#breadcrumb\"},\"inLanguage\":\"fr-FR\",\"potentialAction\":[{\"@type\":\"ReadAction\",\"target\":[\"https:\\\/\\\/femmesaverties.com\\\/index.php\\\/journal-de-bord\\\/\"]}]},{\"@type\":\"ImageObject\",\"inLanguage\":\"fr-FR\",\"@id\":\"https:\\\/\\\/femmesaverties.com\\\/index.php\\\/journal-de-bord\\\/#primaryimage\",\"url\":\"https:\\\/\\\/femmesaverties.com\\\/wp-content\\\/uploads\\\/2018\\\/11\\\/tableau-de-bord2.png\",\"contentUrl\":\"https:\\\/\\\/femmesaverties.com\\\/wp-content\\\/uploads\\\/2018\\\/11\\\/tableau-de-bord2.png\",\"width\":560,\"height\":315,\"caption\":\"journal de bord, magnenguessom, bellaunaturel meditation\"},{\"@type\":\"BreadcrumbList\",\"@id\":\"https:\\\/\\\/femmesaverties.com\\\/index.php\\\/journal-de-bord\\\/#breadcrumb\",\"itemListElement\":[{\"@type\":\"ListItem\",\"position\":1,\"name\":\"Home\",\"item\":\"https:\\\/\\\/femmesaverties.com\\\/\"},{\"@type\":\"ListItem\",\"position\":2,\"name\":\"JOURNAL DE BORD\"}]},{\"@type\":\"WebSite\",\"@id\":\"https:\\\/\\\/femmesaverties.com\\\/#website\",\"url\":\"https:\\\/\\\/femmesaverties.com\\\/\",\"name\":\"FEMMES AVERTIES\",\"description\":\"Aller plus loin, C&#039;est toujours possible\",\"publisher\":{\"@id\":\"https:\\\/\\\/femmesaverties.com\\\/#organization\"},\"potentialAction\":[{\"@type\":\"SearchAction\",\"target\":{\"@type\":\"EntryPoint\",\"urlTemplate\":\"https:\\\/\\\/femmesaverties.com\\\/?s={search_term_string}\"},\"query-input\":{\"@type\":\"PropertyValueSpecification\",\"valueRequired\":true,\"valueName\":\"search_term_string\"}}],\"inLanguage\":\"fr-FR\"},{\"@type\":\"Organization\",\"@id\":\"https:\\\/\\\/femmesaverties.com\\\/#organization\",\"name\":\"FEMMES AVERTIES\",\"url\":\"https:\\\/\\\/femmesaverties.com\\\/\",\"logo\":{\"@type\":\"ImageObject\",\"inLanguage\":\"fr-FR\",\"@id\":\"https:\\\/\\\/femmesaverties.com\\\/#\\\/schema\\\/logo\\\/image\\\/\",\"url\":\"https:\\\/\\\/femmesaverties.com\\\/wp-content\\\/uploads\\\/2023\\\/10\\\/cropped-F.png\",\"contentUrl\":\"https:\\\/\\\/femmesaverties.com\\\/wp-content\\\/uploads\\\/2023\\\/10\\\/cropped-F.png\",\"width\":250,\"height\":217,\"caption\":\"FEMMES AVERTIES\"},\"image\":{\"@id\":\"https:\\\/\\\/femmesaverties.com\\\/#\\\/schema\\\/logo\\\/image\\\/\"}}]}<\/script>\n<!-- \/ Yoast SEO plugin. -->","yoast_head_json":{"title":"JOURNAL DE BORD - FEMMES AVERTIES","robots":{"index":"index","follow":"follow","max-snippet":"max-snippet:-1","max-image-preview":"max-image-preview:large","max-video-preview":"max-video-preview:-1"},"canonical":"https:\/\/femmesaverties.com\/index.php\/journal-de-bord\/","og_locale":"fr_FR","og_type":"article","og_title":"JOURNAL DE BORD - FEMMES AVERTIES","og_description":"BONJOUR ET BIENVENUE A BORD! MAIS POURQUOI UN JOURNAL...","og_url":"https:\/\/femmesaverties.com\/index.php\/journal-de-bord\/","og_site_name":"FEMMES AVERTIES","article_modified_time":"2018-11-26T10:20:16+00:00","og_image":[{"width":560,"height":315,"url":"https:\/\/femmesaverties.com\/wp-content\/uploads\/2018\/11\/tableau-de-bord2.png","type":"image\/png"}],"twitter_card":"summary_large_image","twitter_misc":{"Dur\u00e9e de lecture estim\u00e9e":"1 minute"},"schema":{"@context":"https:\/\/schema.org","@graph":[{"@type":"WebPage","@id":"https:\/\/femmesaverties.com\/index.php\/journal-de-bord\/","url":"https:\/\/femmesaverties.com\/index.php\/journal-de-bord\/","name":"JOURNAL DE BORD - FEMMES AVERTIES","isPartOf":{"@id":"https:\/\/femmesaverties.com\/#website"},"primaryImageOfPage":{"@id":"https:\/\/femmesaverties.com\/index.php\/journal-de-bord\/#primaryimage"},"image":{"@id":"https:\/\/femmesaverties.com\/index.php\/journal-de-bord\/#primaryimage"},"thumbnailUrl":"https:\/\/femmesaverties.com\/wp-content\/uploads\/2018\/11\/tableau-de-bord2.png","datePublished":"2018-11-22T07:25:08+00:00","dateModified":"2018-11-26T10:20:16+00:00","breadcrumb":{"@id":"https:\/\/femmesaverties.com\/index.php\/journal-de-bord\/#breadcrumb"},"inLanguage":"fr-FR","potentialAction":[{"@type":"ReadAction","target":["https:\/\/femmesaverties.com\/index.php\/journal-de-bord\/"]}]},{"@type":"ImageObject","inLanguage":"fr-FR","@id":"https:\/\/femmesaverties.com\/index.php\/journal-de-bord\/#primaryimage","url":"https:\/\/femmesaverties.com\/wp-content\/uploads\/2018\/11\/tableau-de-bord2.png","contentUrl":"https:\/\/femmesaverties.com\/wp-content\/uploads\/2018\/11\/tableau-de-bord2.png","width":560,"height":315,"caption":"journal de bord, magnenguessom, bellaunaturel meditation"},{"@type":"BreadcrumbList","@id":"https:\/\/femmesaverties.com\/index.php\/journal-de-bord\/#breadcrumb","itemListElement":[{"@type":"ListItem","position":1,"name":"Home","item":"https:\/\/femmesaverties.com\/"},{"@type":"ListItem","position":2,"name":"JOURNAL DE BORD"}]},{"@type":"WebSite","@id":"https:\/\/femmesaverties.com\/#website","url":"https:\/\/femmesaverties.com\/","name":"FEMMES AVERTIES","description":"Aller plus loin, C&#039;est toujours possible","publisher":{"@id":"https:\/\/femmesaverties.com\/#organization"},"potentialAction":[{"@type":"SearchAction","target":{"@type":"EntryPoint","urlTemplate":"https:\/\/femmesaverties.com\/?s={search_term_string}"},"query-input":{"@type":"PropertyValueSpecification","valueRequired":true,"valueName":"search_term_string"}}],"inLanguage":"fr-FR"},{"@type":"Organization","@id":"https:\/\/femmesaverties.com\/#organization","name":"FEMMES AVERTIES","url":"https:\/\/femmesaverties.com\/","logo":{"@type":"ImageObject","inLanguage":"fr-FR","@id":"https:\/\/femmesaverties.com\/#\/schema\/logo\/image\/","url":"https:\/\/femmesaverties.com\/wp-content\/uploads\/2023\/10\/cropped-F.png","contentUrl":"https:\/\/femmesaverties.com\/wp-content\/uploads\/2023\/10\/cropped-F.png","width":250,"height":217,"caption":"FEMMES AVERTIES"},"image":{"@id":"https:\/\/femmesaverties.com\/#\/schema\/logo\/image\/"}}]}},"_links":{"self":[{"href":"https:\/\/femmesaverties.com\/index.php\/wp-json\/wp\/v2\/pages\/415","targetHints":{"allow":["GET"]}}],"collection":[{"href":"https:\/\/femmesaverties.com\/index.php\/wp-json\/wp\/v2\/pages"}],"about":[{"href":"https:\/\/femmesaverties.com\/index.php\/wp-json\/wp\/v2\/types\/page"}],"author":[{"embeddable":true,"href":"https:\/\/femmesaverties.com\/index.php\/wp-json\/wp\/v2\/users\/2"}],"replies":[{"embeddable":true,"href":"https:\/\/femmesaverties.com\/index.php\/wp-json\/wp\/v2\/comments?post=415"}],"version-history":[{"count":7,"href":"https:\/\/femmesaverties.com\/index.php\/wp-json\/wp\/v2\/pages\/415\/revisions"}],"predecessor-version":[{"id":433,"href":"https:\/\/femmesaverties.com\/index.php\/wp-json\/wp\/v2\/pages\/415\/revisions\/433"}],"wp:featuredmedia":[{"embeddable":true,"href":"https:\/\/femmesaverties.com\/index.php\/wp-json\/wp\/v2\/media\/432"}],"wp:attachment":[{"href":"https:\/\/femmesaverties.com\/index.php\/wp-json\/wp\/v2\/media?parent=415"}],"curies":[{"name":"wp","href":"https:\/\/api.w.org\/{rel}","templated":true}]}}